{"id":4340,"date":"2022-11-10T09:16:51","date_gmt":"2022-11-10T14:16:51","guid":{"rendered":"https:\/\/www.ecotechquebec.com\/?page_id=4340"},"modified":"2026-02-16T12:05:22","modified_gmt":"2026-02-16T17:05:22","slug":"members-benefits","status":"publish","type":"page","link":"https:\/\/www.ecotechquebec.com\/en\/members\/members-benefits\/","title":{"rendered":"Members&#8217; benefits"},"content":{"rendered":"\n<p>Want to help your organization both take its place and evolve in the cleantech industry?<br><br>Want to actively participate in the transformation of the economy so that it becomes sustainable?<br><br><a href=\"https:\/\/w12.eudonet.com\/specif\/eudo_07060\/adhesion\/formulaire.aspx\" target=\"_blank\" rel=\"noopener\">Become a member<\/a> <strong>(French only)<\/strong> of \u00c9cotech Qu\u00e9bec today!<\/p>\n\n\n\n<h3 class=\"wp-block-heading\"><strong>The benefits <\/strong>of becoming a member<\/h3>\n\n\n\n<p>Please note that all \u00c9cotech Qu\u00e9bec communications and most activities are offered in<strong> French only.<\/strong><\/p>\n\n\n\n<h4 class=\"wp-block-heading\">Take advantage of strategic networking and lead-generation opportunities<\/h4>\n\n\n\n<ul class=\"wp-block-list\">\n<li>locally and internationally<\/li>\n\n\n\n<li>with cleantech ecosystem players :\u00a0investors, developers and researchers<\/li>\n\n\n\n<li>with potential customers and partners<\/li>\n<\/ul>\n\n\n\n<h4 class=\"wp-block-heading\">Take part in \u00c9cotech Qu\u00e9bec initiatives<\/h4>\n\n\n\n<ul class=\"wp-block-list\">\n<li>opportunity to co-create with industry players within the framework of projects or committees\u00a0<\/li>\n\n\n\n<li>involvement in parliamentary consultations and committees<\/li>\n<\/ul>\n\n\n\n<h4 class=\"wp-block-heading\">Help shape public policy<\/h4>\n\n\n\n<ul class=\"wp-block-list\">\n<li>By participating in a wide range of working groups and committees<\/li>\n<\/ul>\n\n\n\n<h4 class=\"wp-block-heading\">Receive tactical and strategic information<\/h4>\n\n\n\n<ul class=\"wp-block-list\">\n<li>business opportunities, programs and support, including financing<\/li>\n\n\n\n<li>representation opportunities<\/li>\n\n\n\n<li>industry trends and activities<\/li>\n<\/ul>\n\n\n\n<h4 class=\"wp-block-heading\">Strengthen your organization\u2019s positioning and visibility<\/h4>\n\n\n\n<ul class=\"wp-block-list\">\n<li>visibility in the Quebec and international cleantech networks<\/li>\n\n\n\n<li>outreach associated with \u00c9cotech Qu\u00e9bec initiatives<\/li>\n\n\n\n<li>media coverage in connection with \u00c9cotech Qu\u00e9bec&#8217;s interventions<\/li>\n\n\n\n<li>attractive rates when participating in events<\/li>\n<\/ul>\n\n\n\n<p>By becoming a member of \u00c9cotech Qu\u00e9bec, you automatically become a member of the <a href=\"https:\/\/www.internationalcleantechnetwork.com\/\" target=\"_blank\" rel=\"noopener\">International Cleantech Network<\/a> (ICN), which provides exclusive advantages in support of your international endeavours.<\/p>\n\n\n\n<div class=\"wp-block-buttons is-content-justification-center is-layout-flex wp-container-core-buttons-is-layout-1 wp-block-buttons-is-layout-flex\">\n<div class=\"wp-block-button\"><a class=\"wp-block-button__link wp-element-button\" href=\"https:\/\/w12.eudonet.com\/specif\/eudo_07060\/adhesion\/formulaire.aspx\" target=\"_blank\" rel=\"noopener\">Become a member (French only)<\/a><\/div>\n<\/div>\n\n\n\n<p><em><em>\u00c9cotech Qu\u00e9bec, in collaboration with the CCMM, led a trade mission to France last October during which we established important contacts. They included one with a multinational that can help open up new markets for us and thus accelerate the deployment of Kourant Technologies Inc.\u2019s innovations around the world.<\/em>&nbsp;<\/em><\/p>\n\n\n\n<p><strong>Richard Painchaud, <\/strong>President and CEO, Kourant Technologies Inc.<\/p>\n\n\n\n<p><em>Being a<\/em> c<em>leantech expert at \u00c9cotech Qu\u00e9bec means participating in the sustainable development, marketing and use of clean technologies by local businesses. Since our firm became a member, we have greater visibility, which has helped us get in touch with several players for change in Quebec and led to new collaborations.<\/em><\/p>\n\n\n\n<p><strong>Philippe Leclerc<\/strong>,<strong> <\/strong>Ph. D, Process Engineer \u2013 Partner and Co-Founder, Services LAh<\/p>\n\n\n\n<p><em>\u00c9cotech Qu\u00e9bec\u2019s expertise and vast network have more than once enabled us to establish links with companies that have helped us meet the environmental challenges we were facing.<\/em><\/p>\n\n\n\n<p><strong>Catherine Goyer<\/strong>, Director, Corporate Responsibility and Environment, Bell Canada<\/p>\n\n\n\n<div class=\"wp-block-buttons is-content-justification-center is-layout-flex wp-container-core-buttons-is-layout-2 wp-block-buttons-is-layout-flex\">\n<div class=\"wp-block-button\"><a class=\"wp-block-button__link wp-element-button\" href=\"https:\/\/w12.eudonet.com\/specif\/eudo_07060\/adhesion\/formulaire.aspx\" target=\"_blank\" rel=\"noopener\">Become a member (French only)<\/a><\/div>\n<\/div>\n\n\n\n<h3 class=\"wp-block-heading\"><strong>Profile <\/strong>of Member Organizations<\/h3>\n\n\n\n<p>\u00c9cotech Qu\u00e9bec brings together all stakeholders in the Quebec cleantech industry :<\/p>\n\n\n\n<ul class=\"wp-block-list\">\n<li>User businesses and organizations<\/li>\n\n\n\n<li>Companies owning or developing clean technologies<\/li>\n\n\n\n<li>Research, development, training and improvement organizations<\/li>\n\n\n\n<li>Associations or groups working in the field of clean technologies<\/li>\n\n\n\n<li>Venture capital and development companies and financial institutions<\/li>\n\n\n\n<li>Trade union centres<\/li>\n\n\n\n<li>Experts and consultants in clean technologies<\/li>\n<\/ul>\n\n\n\n<p>Note: Only those organizations that fall under one of these categories may become members.<\/p>\n\n\n\n<div class=\"wp-block-buttons is-content-justification-center is-layout-flex wp-container-core-buttons-is-layout-3 wp-block-buttons-is-layout-flex\">\n<div class=\"wp-block-button\"><a class=\"wp-block-button__link wp-element-button\" href=\"https:\/\/w12.eudonet.com\/specif\/eudo_07060\/adhesion\/formulaire.aspx\" target=\"_blank\" rel=\"noopener\">Become a member (French only)<\/a><\/div>\n<\/div>\n\n\n\n<p><strong><strong>For any questions regarding \u00c9cotech Qu\u00e9bec membership, please contact<\/strong> : info@ecotechquebec.com<\/strong><\/p>\n","protected":false},"excerpt":{"rendered":"<p>Want to help your organization both take its place and evolve in the cleantech industry? Want to actively participate in the transformation of the economy so that it becomes sustainable? Become a member (French only) of \u00c9cotech Qu\u00e9bec today! The benefits of becoming a member Please note that all \u00c9cotech Qu\u00e9bec communications and most activities&hellip;<\/p>\n","protected":false},"author":10,"featured_media":859,"parent":4338,"menu_order":0,"comment_status":"closed","ping_status":"closed","template":"","meta":{"_acf_changed":false,"content-type":"","_relevanssi_hide_post":"","_relevanssi_hide_content":"","_relevanssi_pin_for_all":"","_relevanssi_pin_keywords":"","_relevanssi_unpin_keywords":"","_relevanssi_related_keywords":"","_relevanssi_related_include_ids":"","_relevanssi_related_exclude_ids":"","_relevanssi_related_no_append":"","_relevanssi_related_not_related":"","_relevanssi_related_posts":"55,1,53","_relevanssi_noindex_reason":"","inline_featured_image":false,"_monsterinsights_skip_tracking":false,"_monsterinsights_sitenote_active":false,"_monsterinsights_sitenote_note":"","_monsterinsights_sitenote_category":0,"footnotes":""},"class_list":["post-4340","page","type-page","status-publish","has-post-thumbnail","hentry"],"acf":[],"_links":{"self":[{"href":"https:\/\/www.ecotechquebec.com\/en\/wp-json\/wp\/v2\/pages\/4340","targetHints":{"allow":["GET"]}}],"collection":[{"href":"https:\/\/www.ecotechquebec.com\/en\/wp-json\/wp\/v2\/pages"}],"about":[{"href":"https:\/\/www.ecotechquebec.com\/en\/wp-json\/wp\/v2\/types\/page"}],"author":[{"embeddable":true,"href":"https:\/\/www.ecotechquebec.com\/en\/wp-json\/wp\/v2\/users\/10"}],"replies":[{"embeddable":true,"href":"https:\/\/www.ecotechquebec.com\/en\/wp-json\/wp\/v2\/comments?post=4340"}],"version-history":[{"count":8,"href":"https:\/\/www.ecotechquebec.com\/en\/wp-json\/wp\/v2\/pages\/4340\/revisions"}],"predecessor-version":[{"id":24882,"href":"https:\/\/www.ecotechquebec.com\/en\/wp-json\/wp\/v2\/pages\/4340\/revisions\/24882"}],"up":[{"embeddable":true,"href":"https:\/\/www.ecotechquebec.com\/en\/wp-json\/wp\/v2\/pages\/4338"}],"wp:featuredmedia":[{"embeddable":true,"href":"https:\/\/www.ecotechquebec.com\/en\/wp-json\/wp\/v2\/media\/859"}],"wp:attachment":[{"href":"https:\/\/www.ecotechquebec.com\/en\/wp-json\/wp\/v2\/media?parent=4340"}],"curies":[{"name":"wp","href":"https:\/\/api.w.org\/{rel}","templated":true}]}}